{"id":89,"date":"2025-03-14T10:14:03","date_gmt":"2025-03-14T10:14:03","guid":{"rendered":"https:\/\/ayursoulyoga.com\/?page_id=89"},"modified":"2025-05-08T06:16:11","modified_gmt":"2025-05-08T06:16:11","slug":"clinica-ayurveda","status":"publish","type":"page","link":"https:\/\/ayursoulyoga.com\/index.php\/clinica-ayurveda\/","title":{"rendered":"Comprensi\u00f3n Ayurv\u00e9dica del Ciclo Femenino"},"content":{"rendered":"<div data-colibri-id=\"89-c1\" class=\"style-266 style-local-89-c1 position-relative\">\n  <!---->\n  <div data-colibri-component=\"section\" data-colibri-id=\"89-c2\" id=\"initial-content\" class=\"h-section h-section-global-spacing d-flex align-items-lg-center align-items-md-center align-items-center style-267 style-local-89-c2 position-relative\">\n    <!---->\n    <!---->\n    <div class=\"h-section-grid-container h-section-boxed-container\">\n      <!---->\n      <div data-colibri-id=\"89-c3\" class=\"h-row-container gutters-row-lg-2 gutters-row-md-2 gutters-row-0 gutters-row-v-lg-2 gutters-row-v-md-2 gutters-row-v-2 style-268 style-local-89-c3 position-relative\">\n        <!---->\n        <div class=\"h-row justify-content-lg-center justify-content-md-center justify-content-center align-items-lg-stretch align-items-md-stretch align-items-stretch gutters-col-lg-2 gutters-col-md-2 gutters-col-0 gutters-col-v-lg-2 gutters-col-v-md-2 gutters-col-v-2\">\n          <!---->\n          <div class=\"h-column h-column-container d-flex h-col-lg-auto h-col-md-auto h-col-auto style-269-outer style-local-89-c4-outer\">\n            <div data-colibri-id=\"89-c4\" class=\"d-flex h-flex-basis h-column__inner h-px-lg-2 h-px-md-2 h-px-2 v-inner-lg-2 v-inner-md-2 v-inner-2 style-269 style-local-89-c4 position-relative\">\n              <!---->\n              <!---->\n              <div class=\"w-100 h-y-container h-column__content h-column__v-align flex-basis-100 align-self-lg-start align-self-md-start align-self-start\">\n                <!---->\n                <div data-colibri-id=\"89-c5\" class=\"style-270 style-local-89-c5 position-relative h-element\">\n                  <!---->\n                  <div>\n                    \n                    <p>Programa de Terapia Ayurv\u00e9dica Integrativa<\/p>\n                    \n\n                    \n                    <h2 class=\"wp-block-heading has-text-color has-link-color wp-elements-f7b1ecabf7306c9f197ff3b8fbddb3b5\" style=\"color:#516d60\">Un Viaje de Tres Sesiones hacia el Equilibrio y la Salud Natural<\/h2>\n                    \n\n                    \n                    <p>El Ayurveda, medicina tradicional de la India con m\u00e1s de 5.000 a\u00f1os de antig\u00fcedad, nos ofrece un camino hol\u00edstico hacia la salud que considera cada aspecto de nuestro ser. Este programa de tres sesiones est\u00e1 dise\u00f1ado para guiarte a\n                      trav\u00e9s de un proceso transformador que comienza con un profundo entendimiento de tu constituci\u00f3n \u00fanica, contin\u00faa con un plan de tratamiento personalizado, y culmina en una evaluaci\u00f3n integral que determinar\u00e1 los siguientes pasos\n                      en tu camino hacia el bienestar.<\/p>\n                    \n\n                    \n                    <hr class=\"wp-block-separator has-alpha-channel-opacity\">\n                    \n\n                    \n                    <h3 class=\"wp-block-heading\">Primera Sesi\u00f3n: El Arte del Diagn\u00f3stico Ayurv\u00e9dico<\/h3>\n                    \n\n                    \n                    <p><strong>Duraci\u00f3n: 90 minutos<\/strong><\/p>\n                    \n\n                    \n                    <p>La primera sesi\u00f3n constituye el fundamento de todo el proceso terap\u00e9utico. Durante este encuentro, realizaremos un diagn\u00f3stico profundo y multidimensional que nos permitir\u00e1 comprender tu constituci\u00f3n \u00fanica (Prakriti) y los desequilibrios\n                      actuales (Vikriti).<\/p>\n                    \n\n                    \n                    <h3 class=\"wp-block-heading\">Segunda Sesi\u00f3n: El Camino del Tratamiento Personalizado<\/h3>\n                    \n\n                    \n                    <p><strong>Duraci\u00f3n: 90 minutos<\/strong><\/p>\n                    \n\n                    \n                    <p>En esta sesi\u00f3n crucial, profundizaremos en el plan de tratamiento dise\u00f1ado espec\u00edficamente para ti, basado en los hallazgos de la primera sesi\u00f3n. Este no es un enfoque gen\u00e9rico, sino una composici\u00f3n cuidadosamente orquestada de pr\u00e1cticas,\n                      remedios y ajustes de estilo de vida que responden directamente a tu constituci\u00f3n \u00fanica y tus necesidades actuales.<\/p>\n                    \n\n                    \n                    <p>Al finalizar esta segunda sesi\u00f3n, tendr\u00e1s en tus manos un mapa detallado para navegar hacia el equilibrio y la salud, con herramientas pr\u00e1cticas y conocimientos que podr\u00e1s aplicar en tu vida diaria. Este plan no solo buscar\u00e1 aliviar\n                      s\u00edntomas inmediatos, sino abordar las causas ra\u00edz de los desequilibrios, promoviendo una sanaci\u00f3n profunda y duradera.<\/p>\n                    \n\n                    \n                    <hr class=\"wp-block-separator has-alpha-channel-opacity\">\n                    \n\n                    \n                    <h3 class=\"wp-block-heading\">Tercera Sesi\u00f3n: El Arte de la Evaluaci\u00f3n y la Evoluci\u00f3n<\/h3>\n                    \n\n                    \n                    <p><strong>Duraci\u00f3n: 60 minutos<\/strong><\/p>\n                    \n\n                    \n                    <p>La tercera sesi\u00f3n marca un punto de inflexi\u00f3n en nuestro trabajo conjunto. En este encuentro, realizaremos una evaluaci\u00f3n profunda del progreso alcanzado, celebraremos los logros, identificaremos los desaf\u00edos persistentes y trazaremos\n                      el rumbo para la siguiente fase de tu viaje ayurv\u00e9dico.<\/p>\n                    \n\n                    \n                    <p>Esta tercera sesi\u00f3n representa no un final, sino un punto de transici\u00f3n en tu viaje ayurv\u00e9dico. Tanto si decidimos continuar con sesiones adicionales como si determinas que est\u00e1s listo para seguir el camino de forma m\u00e1s independiente,\n                      este encuentro te proporcionar\u00e1 claridad sobre lo logrado y lo que a\u00fan queda por descubrir en tu camino hacia el equilibrio y la plenitud.<\/p>\n                    \n\n                    \n                    <hr class=\"wp-block-separator has-alpha-channel-opacity\">\n                    \n\n                    \n                    <h2 class=\"wp-block-heading\">Consideraciones Importantes<\/h2>\n                    \n\n                    \n                    <ul class=\"wp-block-list\">\n                      \n                      <li><strong>Confidencialidad<\/strong>: Todo lo compartido durante nuestras sesiones permanecer\u00e1 estrictamente confidencial.<\/li>\n                      \n\n                      \n                      <li><strong>Complementariedad<\/strong>: La terapia ayurv\u00e9dica puede complementar, pero no reemplazar, los tratamientos m\u00e9dicos convencionales.<\/li>\n                      \n\n                      \n                      <li><strong>Compromiso<\/strong>: Los resultados m\u00e1s profundos se logran con una implementaci\u00f3n consistente de las recomendaciones.<\/li>\n                      \n\n                      \n                      <li><strong>Personalizaci\u00f3n<\/strong>: Cada aspecto de este programa ser\u00e1 adaptado a tus necesidades, circunstancias y objetivos \u00fanicos.<\/li>\n                      \n                    <\/ul>\n                    \n\n                    \n                    <hr class=\"wp-block-separator has-alpha-channel-opacity\">\n                    \n\n                    \n                    <h2 class=\"wp-block-heading\">Reserva tu Programa de Terapia Ayurv\u00e9dica<\/h2>\n                    \n\n                    \n                    <p>Inicia tu viaje hacia el equilibrio y la salud integral con este programa de tres sesiones. <\/p>\n                    \n\n                    \n                    <p class=\"has-text-align-center\"><em>El Ayurveda no es simplemente un sistema de salud, sino un camino de vida que nos reconecta con nuestra naturaleza esencial y con los ritmos de la existencia. Te invito a dar este paso transformador hacia un bienestar profundo y duradero.<\/em><\/p>\n                    \n\n                    \n                    <p><\/p>\n                    \n                  <\/div>\n                <\/div>\n              <\/div>\n            <\/div>\n          <\/div>\n        <\/div>\n      <\/div>\n    <\/div>\n  <\/div>\n<\/div>","protected":false},"excerpt":{"rendered":"<p>Programa de Terapia Ayurv\u00e9dica Integrativa Un Viaje de Tres Sesiones hacia el Equilibrio y la Salud Natural El Ayurveda, medicina tradicional de la India con m\u00e1s de 5.000 a\u00f1os de antig\u00fcedad, nos ofrece un camino hol\u00edstico hacia la salud que considera cada aspecto de nuestro ser. Este programa de tres sesiones est\u00e1 dise\u00f1ado para guiarte [&hellip;]<\/p>\n","protected":false},"author":1,"featured_media":90,"parent":0,"menu_order":0,"comment_status":"closed","ping_status":"closed","template":"page-templates\/full-width-page.php","meta":{"footnotes":""},"class_list":["post-89","page","type-page","status-publish","has-post-thumbnail","hentry"],"_links":{"self":[{"href":"https:\/\/ayursoulyoga.com\/index.php\/wp-json\/wp\/v2\/pages\/89","targetHints":{"allow":["GET"]}}],"collection":[{"href":"https:\/\/ayursoulyoga.com\/index.php\/wp-json\/wp\/v2\/pages"}],"about":[{"href":"https:\/\/ayursoulyoga.com\/index.php\/wp-json\/wp\/v2\/types\/page"}],"author":[{"embeddable":true,"href":"https:\/\/ayursoulyoga.com\/index.php\/wp-json\/wp\/v2\/users\/1"}],"replies":[{"embeddable":true,"href":"https:\/\/ayursoulyoga.com\/index.php\/wp-json\/wp\/v2\/comments?post=89"}],"version-history":[{"count":5,"href":"https:\/\/ayursoulyoga.com\/index.php\/wp-json\/wp\/v2\/pages\/89\/revisions"}],"predecessor-version":[{"id":342,"href":"https:\/\/ayursoulyoga.com\/index.php\/wp-json\/wp\/v2\/pages\/89\/revisions\/342"}],"wp:featuredmedia":[{"embeddable":true,"href":"https:\/\/ayursoulyoga.com\/index.php\/wp-json\/wp\/v2\/media\/90"}],"wp:attachment":[{"href":"https:\/\/ayursoulyoga.com\/index.php\/wp-json\/wp\/v2\/media?parent=89"}],"curies":[{"name":"wp","href":"https:\/\/api.w.org\/{rel}","templated":true}]}}