{"id":143,"date":"2025-05-08T00:49:48","date_gmt":"2025-05-08T00:49:48","guid":{"rendered":"https:\/\/ayursoulyoga.com\/index.php\/silverstorm\/"},"modified":"2025-05-08T06:09:01","modified_gmt":"2025-05-08T06:09:01","slug":"silverstorm","status":"publish","type":"page","link":"https:\/\/ayursoulyoga.com\/","title":{"rendered":"Front Page"},"content":{"rendered":"<div data-colibri-id=\"143-c1\" class=\"style-179 style-local-143-c1 position-relative\">\n  <!---->\n  <div data-colibri-component=\"section\" data-colibri-id=\"143-c2\" id=\"features\" class=\"h-section h-section-global-spacing d-flex align-items-lg-center align-items-md-center align-items-center style-218 style-local-143-c2 position-relative\">\n    <!---->\n    <!---->\n    <div class=\"h-section-grid-container h-section-fluid-container\">\n      <div data-colibri-id=\"143-c28\" class=\"h-row-container gutters-row-lg-2 gutters-row-md-2 gutters-row-0 gutters-row-v-lg-2 gutters-row-v-md-2 gutters-row-v-2 style-228 style-local-143-c28 position-relative\">\n        <!---->\n        <div class=\"h-row justify-content-lg-center justify-content-md-center justify-content-center align-items-lg-stretch align-items-md-stretch align-items-stretch gutters-col-lg-2 gutters-col-md-2 gutters-col-0 gutters-col-v-lg-2 gutters-col-v-md-2 gutters-col-v-2\">\n          <!---->\n          <div class=\"h-column h-column-container d-flex h-col-lg-auto h-col-md-auto h-col-auto style-229-outer style-local-143-c29-outer\">\n            <div data-colibri-id=\"143-c29\" class=\"d-flex h-flex-basis h-column__inner h-px-lg-2 h-px-md-2 h-px-2 v-inner-lg-2 v-inner-md-2 v-inner-2 style-229 style-local-143-c29 position-relative\">\n              <!---->\n              <!---->\n              <div class=\"w-100 h-y-container h-column__content h-column__v-align flex-basis-100 align-self-lg-start align-self-md-start align-self-start\">\n                <!---->\n                <div data-colibri-id=\"143-c30\" class=\"h-global-transition-all h-heading style-230 style-local-143-c30 position-relative h-element\">\n                  <!---->\n                  <div class=\"h-heading__outer style-230 style-local-143-c30\">\n                    <!---->\n                    <!---->\n                    <h2 class=\"\">Que es AyurSoul Yoga<\/h2>\n                  <\/div>\n                <\/div>\n                <div data-colibri-id=\"143-c31\" class=\"h-lead h-text h-text-component style-231 style-local-143-c31 position-relative h-element\">\n                  <!---->\n                  <!---->\n                  <div class=\"\">\n                    <p>Este es un espacio para ti de transformaci\u00f3n personal que integra tres dimensiones fundamentales: Yoga, Ayurveda y Arte<\/p>\n                    <p>AyurSoulYoga representa m\u00e1s que un concepto, es una filosof\u00eda de vida y un m\u00e9todo de conexi\u00f3n integral ante la vida fusionando diferentes saberes para acompa\u00f1ar procesos de sanaci\u00f3n y autoconocimiento.<\/p>\n                    <p>\n                      <br>\n                    <\/p>\n                  <\/div>\n                <\/div>\n              <\/div>\n            <\/div>\n          <\/div>\n        <\/div>\n      <\/div>\n      <div data-colibri-id=\"143-c3\" class=\"h-row-container gutters-row-lg-2 gutters-row-md-2 gutters-row-2 gutters-row-v-lg-2 gutters-row-v-md-2 gutters-row-v-2 style-219 style-local-143-c3 position-relative\">\n        <!---->\n        <div class=\"h-row justify-content-lg-center justify-content-md-center justify-content-center align-items-lg-stretch align-items-md-stretch align-items-stretch gutters-col-lg-2 gutters-col-md-2 gutters-col-2 gutters-col-v-lg-2 gutters-col-v-md-2 gutters-col-v-2\">\n          <!---->\n          <div class=\"h-column h-column-container d-flex h-col-lg-4 h-col-md-6 h-col-12 style-220-outer style-local-143-c4-outer\">\n            <div data-colibri-id=\"143-c4\" class=\"d-flex h-flex-basis h-column__inner h-px-lg-0 h-px-md-0 h-px-0 v-inner-lg-0 v-inner-md-0 v-inner-0 style-220 style-local-143-c4 position-relative\">\n              <!---->\n              <!---->\n              <div class=\"w-100 h-y-container h-column__content h-column__v-align flex-basis-100 align-self-lg-start align-self-md-start align-self-start\">\n                <!---->\n                <div data-colibri-id=\"143-c5\" class=\"d-block style-221 style-local-143-c5 position-relative h-element\">\n                  <!---->\n                  <div class=\"h-image__frame-container-outer\">\n                    <a href=\"https:\/\/ayursoulyoga.com\/index.php\/ayurveda-para-la-mujer-2\/\" h-use-smooth-scroll=\"true\" class=\"image-link\">\n                      <div class=\"h-image__frame-container\">\n                        <!---->\n                        <!---->\n                        <img loading=\"lazy\" decoding=\"async\" width=\"1670\" height=\"1669\" src=\"http:\/\/ayursoulyoga.com\/wp-content\/uploads\/2025\/03\/cropped-original_fe1741af-9bff-4817-80f1-b04fa31c9a10_IMG_20210328_195333-1-scaled-2.jpg\" class=\"wp-image-239 style-221-image style-local-143-c5-image\" alt=\"\" srcset=\"https:\/\/ayursoulyoga.com\/wp-content\/uploads\/2025\/03\/cropped-original_fe1741af-9bff-4817-80f1-b04fa31c9a10_IMG_20210328_195333-1-scaled-2.jpg 1670w, https:\/\/ayursoulyoga.com\/wp-content\/uploads\/2025\/03\/cropped-original_fe1741af-9bff-4817-80f1-b04fa31c9a10_IMG_20210328_195333-1-scaled-2-300x300.jpg 300w, https:\/\/ayursoulyoga.com\/wp-content\/uploads\/2025\/03\/cropped-original_fe1741af-9bff-4817-80f1-b04fa31c9a10_IMG_20210328_195333-1-scaled-2-1024x1024.jpg 1024w, https:\/\/ayursoulyoga.com\/wp-content\/uploads\/2025\/03\/cropped-original_fe1741af-9bff-4817-80f1-b04fa31c9a10_IMG_20210328_195333-1-scaled-2-150x150.jpg 150w, https:\/\/ayursoulyoga.com\/wp-content\/uploads\/2025\/03\/cropped-original_fe1741af-9bff-4817-80f1-b04fa31c9a10_IMG_20210328_195333-1-scaled-2-768x768.jpg 768w, https:\/\/ayursoulyoga.com\/wp-content\/uploads\/2025\/03\/cropped-original_fe1741af-9bff-4817-80f1-b04fa31c9a10_IMG_20210328_195333-1-scaled-2-1536x1536.jpg 1536w\" sizes=\"auto, (max-width: 1670px) 100vw, 1670px\" \/>\n                        <div class=\"h-image__frame h-hide-lg h-hide-md h-hide-sm style-221-frameImage style-local-143-c5-frameImage\"><\/div>\n                      <\/div>\n                    <\/a>\n                  <\/div>\n                <\/div>\n                <div data-colibri-id=\"143-c6\" class=\"h-row-container gutters-row-lg-0 gutters-row-md-0 gutters-row-2 gutters-row-v-lg-0 gutters-row-v-md-0 gutters-row-v-2 style-222 style-local-143-c6 position-relative\">\n                  <!---->\n                  <div class=\"h-row justify-content-lg-center justify-content-md-center justify-content-center align-items-lg-stretch align-items-md-stretch align-items-stretch gutters-col-lg-0 gutters-col-md-0 gutters-col-2 gutters-col-v-lg-0 gutters-col-v-md-0 gutters-col-v-2\">\n                    <!---->\n                    <div class=\"h-column h-column-container d-flex h-col-lg-auto h-col-md-auto h-col-auto style-223-outer style-local-143-c7-outer\">\n                      <div data-colibri-id=\"143-c7\" class=\"d-flex h-flex-basis h-column__inner h-px-lg-2 h-px-md-3 h-px-2 v-inner-lg-2 v-inner-md-3 v-inner-2 style-223 style-local-143-c7 position-relative\">\n                        <!---->\n                        <!---->\n                        <div class=\"w-100 h-y-container h-column__content h-column__v-align flex-basis-100 align-self-lg-start align-self-md-start align-self-start\">\n                          <!---->\n                          <div data-colibri-id=\"143-c8\" class=\"h-global-transition-all h-heading style-224 style-local-143-c8 position-relative h-element\">\n                            <!---->\n                            <div class=\"h-heading__outer style-224 style-local-143-c8\">\n                              <!---->\n                              <!---->\n                              <a href=\"https:\/\/ayursoulyoga.com\/index.php\/ayurveda-para-la-mujer-2\/\" h-use-smooth-scroll=\"true\">\n                                <h4 class=\"\">Ayurveda para la mujer: Un enfoque integral<\/h4>\n                              <\/a>\n                            <\/div>\n                          <\/div>\n                          <div data-colibri-id=\"143-c9\" class=\"h-text h-text-component style-225 style-local-143-c9 position-relative h-element\">\n                            <!---->\n                            <!---->\n                            <div class=\"\">\n                              <p>Un Enfoque Integral desde AyurSoul Yoga. Representan un espacio sagrado dise\u00f1ado espec\u00edficamente para honrar, comprender y trabajar con las particularidades del cuerpo femenino a lo largo de sus diferentes ciclos y etapas\n                                vitales.<\/p>\n                            <\/div>\n                          <\/div>\n                        <\/div>\n                      <\/div>\n                    <\/div>\n                  <\/div>\n                <\/div>\n                <div data-colibri-id=\"143-c10\" class=\"h-x-container style-226 style-local-143-c10 position-relative h-element\">\n                  <!---->\n                  <div class=\"h-x-container-inner style-dynamic-143-c10-group style-226-spacing style-local-143-c10-spacing\"><span class=\"h-link__outer style-227-outer style-local-143-c11-outer d-inline-flex h-element\"><a h-use-smooth-scroll=\"true\" href=\"https:\/\/ayursoulyoga.com\/index.php\/ayurveda-para-la-mujer-2\/\"  data-colibri-id=\"143-c11\" class=\"d-flex w-100 align-items-center h-link style-227 style-local-143-c11 position-relative\"><!----><!----> <span>Mas informacion<\/span>                    <span class=\"h-svg-icon h-link__icon style-227-icon style-local-143-c11-icon\"><!--Icon by Icons8 Line Awesome (https:\/\/icons8.com\/line-awesome)--><svg version=\"1.1\" xmlns=\"http:\/\/www.w3.org\/2000\/svg\" xmlns:xlink=\"http:\/\/www.w3.org\/1999\/xlink\" id=\"angle-double-right\" viewBox=\"0 0 512 545.5\"><path d=\"M145.5 108.5l168 168L325 288l-11.5 11.5-168 168-22.5-23L279.5 288 123 131.5zm112 0l168 168L437 288l-11.5 11.5-168 168-22.5-23L391.5 288 235 131.5z\"><\/path><\/svg><\/span><\/a>\n                    <\/span>\n                  <\/div>\n                <\/div>\n              <\/div>\n            <\/div>\n          <\/div>\n          <div class=\"h-column h-column-container d-flex h-col-lg-4 h-col-md-6 h-col-12 style-220-outer style-local-143-c12-outer\">\n            <div data-colibri-id=\"143-c12\" class=\"d-flex h-flex-basis h-column__inner h-px-lg-0 h-px-md-0 h-px-0 v-inner-lg-0 v-inner-md-0 v-inner-0 style-220 style-local-143-c12 position-relative\">\n              <!---->\n              <!---->\n              <div class=\"w-100 h-y-container h-column__content h-column__v-align flex-basis-100 align-self-lg-start align-self-md-start align-self-start\">\n                <!---->\n                <div data-colibri-id=\"143-c13\" class=\"d-block style-221 style-local-143-c13 position-relative h-element\">\n                  <!---->\n                  <div class=\"h-image__frame-container-outer\">\n                    <a href=\"https:\/\/ayursoulyoga.com\/index.php\/ayurveda-para-la-mujer\/\" h-use-smooth-scroll=\"true\" class=\"image-link\">\n                      <div class=\"h-image__frame-container\">\n                        <!---->\n                        <!---->\n                        <img loading=\"lazy\" decoding=\"async\" width=\"1197\" height=\"1195\" src=\"http:\/\/ayursoulyoga.com\/wp-content\/uploads\/2025\/03\/cropped-cropped-cropped-cropped-cropped-IMG_20210328_195308-1-scaled-3-1.jpg\" class=\"wp-image-240 style-221-image style-local-143-c13-image\" alt=\"\" srcset=\"https:\/\/ayursoulyoga.com\/wp-content\/uploads\/2025\/03\/cropped-cropped-cropped-cropped-cropped-IMG_20210328_195308-1-scaled-3-1.jpg 1197w, https:\/\/ayursoulyoga.com\/wp-content\/uploads\/2025\/03\/cropped-cropped-cropped-cropped-cropped-IMG_20210328_195308-1-scaled-3-1-300x300.jpg 300w, https:\/\/ayursoulyoga.com\/wp-content\/uploads\/2025\/03\/cropped-cropped-cropped-cropped-cropped-IMG_20210328_195308-1-scaled-3-1-1024x1022.jpg 1024w, https:\/\/ayursoulyoga.com\/wp-content\/uploads\/2025\/03\/cropped-cropped-cropped-cropped-cropped-IMG_20210328_195308-1-scaled-3-1-150x150.jpg 150w, https:\/\/ayursoulyoga.com\/wp-content\/uploads\/2025\/03\/cropped-cropped-cropped-cropped-cropped-IMG_20210328_195308-1-scaled-3-1-768x767.jpg 768w\" sizes=\"auto, (max-width: 1197px) 100vw, 1197px\" \/>\n                        <div class=\"h-image__frame h-hide-lg h-hide-md h-hide-sm style-221-frameImage style-local-143-c13-frameImage\"><\/div>\n                      <\/div>\n                    <\/a>\n                  <\/div>\n                <\/div>\n                <div data-colibri-id=\"143-c14\" class=\"h-row-container gutters-row-lg-0 gutters-row-md-0 gutters-row-2 gutters-row-v-lg-0 gutters-row-v-md-0 gutters-row-v-2 style-222 style-local-143-c14 position-relative\">\n                  <!---->\n                  <div class=\"h-row justify-content-lg-center justify-content-md-center justify-content-center align-items-lg-stretch align-items-md-stretch align-items-stretch gutters-col-lg-0 gutters-col-md-0 gutters-col-2 gutters-col-v-lg-0 gutters-col-v-md-0 gutters-col-v-2\">\n                    <!---->\n                    <div class=\"h-column h-column-container d-flex h-col-lg-auto h-col-md-auto h-col-auto style-223-outer style-local-143-c15-outer\">\n                      <div data-colibri-id=\"143-c15\" class=\"d-flex h-flex-basis h-column__inner h-px-lg-2 h-px-md-3 h-px-2 v-inner-lg-2 v-inner-md-3 v-inner-2 style-223 style-local-143-c15 position-relative\">\n                        <!---->\n                        <!---->\n                        <div class=\"w-100 h-y-container h-column__content h-column__v-align flex-basis-100 align-self-lg-start align-self-md-start align-self-start\">\n                          <!---->\n                          <div data-colibri-id=\"143-c16\" class=\"h-global-transition-all h-heading style-224 style-local-143-c16 position-relative h-element\">\n                            <!---->\n                            <div class=\"h-heading__outer style-224 style-local-143-c16\">\n                              <!---->\n                              <!---->\n                              <a href=\"https:\/\/ayursoulyoga.com\/index.php\/ayurveda-para-la-mujer\/\" h-use-smooth-scroll=\"true\">\n                                <h4 class=\"\">Yoga Mujer &#8211; clases online<\/h4>\n                              <\/a>\n                            <\/div>\n                          <\/div>\n                          <div data-colibri-id=\"143-c17\" class=\"h-text h-text-component style-225 style-local-143-c17 position-relative h-element\">\n                            <!---->\n                            <!---->\n                            <div class=\"\">\n                              <p>Estas clases trascienden el concepto tradicional de yoga, incorporando elementos del Ayurveda y conocimientos de ginecolog\u00eda natural para crear una pr\u00e1ctica verdaderamente transformadora.<\/p>\n                            <\/div>\n                          <\/div>\n                        <\/div>\n                      <\/div>\n                    <\/div>\n                  <\/div>\n                <\/div>\n                <div data-colibri-id=\"143-c18\" class=\"h-x-container style-226 style-local-143-c18 position-relative h-element\">\n                  <!---->\n                  <div class=\"h-x-container-inner style-dynamic-143-c18-group style-226-spacing style-local-143-c18-spacing\"><span class=\"h-link__outer style-227-outer style-local-143-c19-outer d-inline-flex h-element\"><a h-use-smooth-scroll=\"true\" href=\"https:\/\/ayursoulyoga.com\/index.php\/ayurveda-para-la-mujer\/\"  data-colibri-id=\"143-c19\" class=\"d-flex w-100 align-items-center h-link style-227 style-local-143-c19 position-relative\"><!----><!----> <span>Mas information<\/span>                    <span class=\"h-svg-icon h-link__icon style-227-icon style-local-143-c19-icon\"><!--Icon by Icons8 Line Awesome (https:\/\/icons8.com\/line-awesome)--><svg version=\"1.1\" xmlns=\"http:\/\/www.w3.org\/2000\/svg\" xmlns:xlink=\"http:\/\/www.w3.org\/1999\/xlink\" id=\"angle-double-right\" viewBox=\"0 0 512 545.5\"><path d=\"M145.5 108.5l168 168L325 288l-11.5 11.5-168 168-22.5-23L279.5 288 123 131.5zm112 0l168 168L437 288l-11.5 11.5-168 168-22.5-23L391.5 288 235 131.5z\"><\/path><\/svg><\/span><\/a>\n                    <\/span>\n                  <\/div>\n                <\/div>\n              <\/div>\n            <\/div>\n          <\/div>\n          <div class=\"h-column h-column-container d-flex h-col-lg-4 h-col-md-6 h-col-12 style-220-outer style-local-143-c20-outer\">\n            <div data-colibri-id=\"143-c20\" class=\"d-flex h-flex-basis h-column__inner h-px-lg-0 h-px-md-0 h-px-0 v-inner-lg-0 v-inner-md-0 v-inner-0 style-220 style-local-143-c20 position-relative\">\n              <!---->\n              <!---->\n              <div class=\"w-100 h-y-container h-column__content h-column__v-align flex-basis-100 align-self-lg-start align-self-md-start align-self-start\">\n                <!---->\n                <div data-colibri-id=\"143-c21\" class=\"d-block style-221 style-local-143-c21 position-relative h-element\">\n                  <!---->\n                  <div class=\"h-image__frame-container-outer\">\n                    <a href=\"https:\/\/ayursoulyoga.com\/index.php\/clinica-ayurveda\/\" h-use-smooth-scroll=\"true\" class=\"image-link\">\n                      <div class=\"h-image__frame-container\">\n                        <!---->\n                        <!---->\n                        <img loading=\"lazy\" decoding=\"async\" width=\"734\" height=\"731\" src=\"http:\/\/ayursoulyoga.com\/wp-content\/uploads\/2025\/03\/cropped-cropped-descargar-1-e1741947071698-1.jpeg\" class=\"wp-image-241 style-221-image style-local-143-c21-image\" alt=\"\" srcset=\"https:\/\/ayursoulyoga.com\/wp-content\/uploads\/2025\/03\/cropped-cropped-descargar-1-e1741947071698-1.jpeg 734w, https:\/\/ayursoulyoga.com\/wp-content\/uploads\/2025\/03\/cropped-cropped-descargar-1-e1741947071698-1-300x300.jpeg 300w, https:\/\/ayursoulyoga.com\/wp-content\/uploads\/2025\/03\/cropped-cropped-descargar-1-e1741947071698-1-150x150.jpeg 150w\" sizes=\"auto, (max-width: 734px) 100vw, 734px\" \/>\n                        <div class=\"h-image__frame h-hide-lg h-hide-md h-hide-sm style-221-frameImage style-local-143-c21-frameImage\"><\/div>\n                      <\/div>\n                    <\/a>\n                  <\/div>\n                <\/div>\n                <div data-colibri-id=\"143-c22\" class=\"h-row-container gutters-row-lg-0 gutters-row-md-0 gutters-row-2 gutters-row-v-lg-0 gutters-row-v-md-0 gutters-row-v-2 style-222 style-local-143-c22 position-relative\">\n                  <!---->\n                  <div class=\"h-row justify-content-lg-center justify-content-md-center justify-content-center align-items-lg-stretch align-items-md-stretch align-items-stretch gutters-col-lg-0 gutters-col-md-0 gutters-col-2 gutters-col-v-lg-0 gutters-col-v-md-0 gutters-col-v-2\">\n                    <!---->\n                    <div class=\"h-column h-column-container d-flex h-col-lg-auto h-col-md-auto h-col-auto style-223-outer style-local-143-c23-outer\">\n                      <div data-colibri-id=\"143-c23\" class=\"d-flex h-flex-basis h-column__inner h-px-lg-2 h-px-md-3 h-px-2 v-inner-lg-2 v-inner-md-3 v-inner-2 style-223 style-local-143-c23 position-relative\">\n                        <!---->\n                        <!---->\n                        <div class=\"w-100 h-y-container h-column__content h-column__v-align flex-basis-100 align-self-lg-start align-self-md-start align-self-start\">\n                          <!---->\n                          <div data-colibri-id=\"143-c24\" class=\"h-global-transition-all h-heading style-224 style-local-143-c24 position-relative h-element\">\n                            <!---->\n                            <div class=\"h-heading__outer style-224 style-local-143-c24\">\n                              <!---->\n                              <!---->\n                              <a href=\"https:\/\/ayursoulyoga.com\/index.php\/clinica-ayurveda\/\" h-use-smooth-scroll=\"true\">\n                                <h4 class=\"\">Comprensi\u00f3n Ayurv\u00e9dica del Ciclo Femenino<\/h4>\n                              <\/a>\n                            <\/div>\n                          <\/div>\n                          <div data-colibri-id=\"143-c25\" class=\"h-text h-text-component style-225 style-local-143-c25 position-relative h-element\">\n                            <!---->\n                            <!---->\n                            <div class=\"\">\n                              <p>El Ayurveda para la Mujer representa un sistema completo de salud femenina que se fundamenta en los principios milenarios de la medicina tradicional india, adaptados espec\u00edficamente para abordar la naturaleza \u00fanica del cuerpo\n                                femenino, sus ciclos y sus distintas etapas vitales.<\/p>\n                            <\/div>\n                          <\/div>\n                        <\/div>\n                      <\/div>\n                    <\/div>\n                  <\/div>\n                <\/div>\n                <div data-colibri-id=\"143-c26\" class=\"h-x-container style-226 style-local-143-c26 position-relative h-element\">\n                  <!---->\n                  <div class=\"h-x-container-inner style-dynamic-143-c26-group style-226-spacing style-local-143-c26-spacing\"><span class=\"h-link__outer style-227-outer style-local-143-c27-outer d-inline-flex h-element\"><a h-use-smooth-scroll=\"true\" href=\"vhttps:\/\/ayursoulyoga.com\/index.php\/clinica-ayurveda\/\"  data-colibri-id=\"143-c27\" class=\"d-flex w-100 align-items-center h-link style-227 style-local-143-c27 position-relative\"><!----><!----> <span>Mas information<\/span>                    <span class=\"h-svg-icon h-link__icon style-227-icon style-local-143-c27-icon\"><!--Icon by Icons8 Line Awesome (https:\/\/icons8.com\/line-awesome)--><svg version=\"1.1\" xmlns=\"http:\/\/www.w3.org\/2000\/svg\" xmlns:xlink=\"http:\/\/www.w3.org\/1999\/xlink\" id=\"angle-double-right\" viewBox=\"0 0 512 545.5\"><path d=\"M145.5 108.5l168 168L325 288l-11.5 11.5-168 168-22.5-23L279.5 288 123 131.5zm112 0l168 168L437 288l-11.5 11.5-168 168-22.5-23L391.5 288 235 131.5z\"><\/path><\/svg><\/span><\/a>\n                    <\/span>\n                  <\/div>\n                <\/div>\n              <\/div>\n            <\/div>\n          <\/div>\n        <\/div>\n      <\/div>\n    <\/div>\n  <\/div>\n<\/div>","protected":false},"excerpt":{"rendered":"<p>Que es AyurSoul Yoga Este es un espacio para ti de transformaci\u00f3n personal que integra tres dimensiones fundamentales: Yoga, Ayurveda y Arte AyurSoulYoga representa m\u00e1s que un concepto, es una filosof\u00eda de vida y un m\u00e9todo de conexi\u00f3n integral ante la vida fusionando diferentes saberes para acompa\u00f1ar procesos de sanaci\u00f3n y autoconocimiento. Ayurveda para la [&hellip;]<\/p>\n","protected":false},"author":1,"featured_media":0,"parent":0,"menu_order":0,"comment_status":"closed","ping_status":"closed","template":"page-templates\/homepage.php","meta":{"footnotes":""},"class_list":["post-143","page","type-page","status-publish","hentry"],"_links":{"self":[{"href":"https:\/\/ayursoulyoga.com\/index.php\/wp-json\/wp\/v2\/pages\/143","targetHints":{"allow":["GET"]}}],"collection":[{"href":"https:\/\/ayursoulyoga.com\/index.php\/wp-json\/wp\/v2\/pages"}],"about":[{"href":"https:\/\/ayursoulyoga.com\/index.php\/wp-json\/wp\/v2\/types\/page"}],"author":[{"embeddable":true,"href":"https:\/\/ayursoulyoga.com\/index.php\/wp-json\/wp\/v2\/users\/1"}],"replies":[{"embeddable":true,"href":"https:\/\/ayursoulyoga.com\/index.php\/wp-json\/wp\/v2\/comments?post=143"}],"version-history":[{"count":5,"href":"https:\/\/ayursoulyoga.com\/index.php\/wp-json\/wp\/v2\/pages\/143\/revisions"}],"predecessor-version":[{"id":297,"href":"https:\/\/ayursoulyoga.com\/index.php\/wp-json\/wp\/v2\/pages\/143\/revisions\/297"}],"wp:attachment":[{"href":"https:\/\/ayursoulyoga.com\/index.php\/wp-json\/wp\/v2\/media?parent=143"}],"curies":[{"name":"wp","href":"https:\/\/api.w.org\/{rel}","templated":true}]}}