{"id":11,"date":"2025-03-05T16:42:15","date_gmt":"2025-03-05T16:42:15","guid":{"rendered":"https:\/\/ayursoulyoga.com\/?page_id=11"},"modified":"2025-05-08T06:13:25","modified_gmt":"2025-05-08T06:13:25","slug":"ayurveda-para-la-mujer","status":"publish","type":"page","link":"https:\/\/ayursoulyoga.com\/index.php\/ayurveda-para-la-mujer\/","title":{"rendered":"Yoga Mujer &#8211; clases online"},"content":{"rendered":"<div data-colibri-id=\"11-c1\" class=\"style-261 style-local-11-c1 position-relative\">\n  <!---->\n  <div data-colibri-component=\"section\" data-colibri-id=\"11-c2\" id=\"initial-content\" class=\"h-section h-section-global-spacing d-flex align-items-lg-center align-items-md-center align-items-center style-262 style-local-11-c2 position-relative\">\n    <!---->\n    <!---->\n    <div class=\"h-section-grid-container h-section-boxed-container\">\n      <!---->\n      <div data-colibri-id=\"11-c3\" class=\"h-row-container gutters-row-lg-2 gutters-row-md-2 gutters-row-0 gutters-row-v-lg-2 gutters-row-v-md-2 gutters-row-v-2 style-263 style-local-11-c3 position-relative\">\n        <!---->\n        <div class=\"h-row justify-content-lg-center justify-content-md-center justify-content-center align-items-lg-stretch align-items-md-stretch align-items-stretch gutters-col-lg-2 gutters-col-md-2 gutters-col-0 gutters-col-v-lg-2 gutters-col-v-md-2 gutters-col-v-2\">\n          <!---->\n          <div class=\"h-column h-column-container d-flex h-col-lg-auto h-col-md-auto h-col-auto style-264-outer style-local-11-c4-outer\">\n            <div data-colibri-id=\"11-c4\" class=\"d-flex h-flex-basis h-column__inner h-px-lg-2 h-px-md-2 h-px-2 v-inner-lg-2 v-inner-md-2 v-inner-2 style-264 style-local-11-c4 position-relative\">\n              <!---->\n              <!---->\n              <div class=\"w-100 h-y-container h-column__content h-column__v-align flex-basis-100 align-self-lg-start align-self-md-start align-self-start\">\n                <!---->\n                <div data-colibri-id=\"11-c5\" class=\"style-265 style-local-11-c5 position-relative h-element\">\n                  <!---->\n                  <div>\n                    \n                    <p style=\"font-style:normal;font-weight:100\">Yoga para la Mujer: Un Enfoque Integral desde AyurSoulYoga<\/p>\n                    \n\n                    \n                    <p>Las clases de Yoga para la Mujer en AyurSoulYoga representar\u00edan un espacio sagrado dise\u00f1ado espec\u00edficamente para honrar, comprender y trabajar con las particularidades del cuerpo femenino a lo largo de sus diferentes ciclos y etapas\n                      vitales. Estas clases trascienden el concepto tradicional de yoga, incorporando elementos del Ayurveda y conocimientos de ginecolog\u00eda natural para crear una pr\u00e1ctica verdaderamente transformadora.<\/p>\n                    \n\n                    \n                    <h2 class=\"wp-block-heading\">Fundamentos de la Pr\u00e1ctica<\/h2>\n                    \n\n                    \n                    <p>La base de estas clases parte de la comprensi\u00f3n profunda de que el cuerpo femenino opera en ciclos y ritmos \u00fanicos. A diferencia del yoga convencional, que a menudo presenta un enfoque uniforme para todos los practicantes, el Yoga\n                      para la Mujer reconoce que las necesidades energ\u00e9ticas, emocionales y f\u00edsicas cambian significativamente durante:<\/p>\n                    \n\n                    \n                    <ul class=\"wp-block-list\">\n                      \n                      <li>El ciclo menstrual (con sus fases folicular, ovulatoria, l\u00fatea y menstrual)<\/li>\n                      \n\n                      \n                      <li>Las distintas etapas de vida (menarquia, edad reproductiva, perimenopausia, menopausia)<\/li>\n                      \n\n                      \n                      <li>Procesos espec\u00edficos como embarazo, posparto o recuperaci\u00f3n de intervenciones ginecol\u00f3gicas<\/li>\n                      \n                    <\/ul>\n                    \n\n                    \n                    <h2 class=\"wp-block-heading\">Estructura de una Clase T\u00edpica<\/h2>\n                    \n\n                    \n                    <p>Una sesi\u00f3n de Yoga para la Mujer en AyurSoulYoga podr\u00eda estructurarse as\u00ed:<\/p>\n                    \n\n                    \n                    <ol class=\"wp-block-list\">\n                      \n                      <li><strong>C\u00edrculo de apertura y conexi\u00f3n<\/strong>: Un espacio inicial para que las participantes compartan brevemente c\u00f3mo se sienten, en qu\u00e9 fase de su ciclo se encuentran, o qu\u00e9 necesidades espec\u00edficas tienen ese d\u00eda. Esto permite\n                        personalizar la pr\u00e1ctica.<\/li>\n                      \n\n                      \n                      <li><strong>Conexi\u00f3n con la respiraci\u00f3n consciente<\/strong>: Pr\u00e1cticas de pranayama espec\u00edficas para equilibrar energ\u00edas femeninas, como Nadi Shodhana (respiraci\u00f3n alterna) o Sitali (respiraci\u00f3n refrescante) seg\u00fan las necesidades del\n                        grupo.<\/li>\n                      \n\n                      \n                      <li><strong>Movimiento adaptado al momento c\u00edclico<\/strong>: Asanas (posturas) seleccionadas espec\u00edficamente para apoyar la fase del ciclo predominante en el grupo:\n                        \n                        <ul class=\"wp-block-list\">\n                          \n                          <li>Durante la menstruaci\u00f3n: posturas restaurativas, trabajo suave de apertura p\u00e9lvica<\/li>\n                          \n\n                          \n                          <li>Fase folicular: posturas din\u00e1micas, secuencias creativas que fomenten la renovaci\u00f3n<\/li>\n                          \n\n                          \n                          <li>Fase ovulatoria: asanas de apertura, extensiones que potencien la energ\u00eda<\/li>\n                          \n\n                          \n                          <li>Fase l\u00fatea: posturas de introspecci\u00f3n, trabajo suave de preparaci\u00f3n<\/li>\n                          \n                        <\/ul>\n                        \n                      <\/li>\n                      \n\n                      \n                      <li><strong>Trabajo energ\u00e9tico espec\u00edfico<\/strong>: Pr\u00e1cticas dirigidas a los chakras relacionados con la energ\u00eda femenina (Svadhisthana y Manipura principalmente) y los \u00f3rganos reproductivos.<\/li>\n                      \n\n                      \n                      <li><strong>Espacio para la integraci\u00f3n<\/strong>: Momentos de meditaci\u00f3n guiada, visualizaciones o yoga nidra adaptados a la experiencia femenina.<\/li>\n                      \n\n                      \n                      <li><strong>Cierre con pr\u00e1cticas de autocuidado<\/strong>: Ense\u00f1anza de t\u00e9cnicas ayurv\u00e9dicas complementarias como automasaje (abhyanga), uso de hierbas medicinales o aceites esenciales beneficiosos para el ciclo femenino.<\/li>\n                      \n                    <\/ol>\n                    \n\n                    \n                    <h2 class=\"wp-block-heading\">Elementos Distintivos<\/h2>\n                    \n\n                    \n                    <p>Lo que har\u00eda \u00fanicas estas clases dentro de tu propuesta de AyurSoulYoga ser\u00eda la integraci\u00f3n de:<\/p>\n                    \n\n                    \n                    <ul class=\"wp-block-list\">\n                      \n                      <li><strong>Principios ayurv\u00e9dicos<\/strong>: Reconocimiento de los doshas (Vata, Pitta, Kapha) y c\u00f3mo estos se manifiestan distintamente en cada fase del ciclo femenino, adaptando la pr\u00e1ctica seg\u00fan estos principios.<\/li>\n                      \n\n                      \n                      <li><strong>Expresi\u00f3n art\u00edstica<\/strong>: Incorporaci\u00f3n de elementos de tu formaci\u00f3n teatral, como ejercicios de expresi\u00f3n corporal, uso de la voz, o peque\u00f1os rituales que permitan manifestar y liberar emociones asociadas al ciclo.<\/li>\n                      \n\n                      \n                      <li><strong>Sabidur\u00eda ancestral femenina<\/strong>: Integraci\u00f3n de conocimientos de diferentes tradiciones sobre salud femenina, c\u00edrculos de mujeres y medicina tradicional.<\/li>\n                      \n\n                      \n                      <li><strong>Atenci\u00f3n personalizada<\/strong>: Adaptaci\u00f3n de la pr\u00e1ctica seg\u00fan las constituciones ayurv\u00e9dicas individuales de las participantes, reconociendo que no todas las mujeres experimentan sus ciclos de la misma manera.<\/li>\n                      \n                    <\/ul>\n                    \n\n                    \n                    <h2 class=\"wp-block-heading\">Beneficios Espec\u00edficos<\/h2>\n                    \n\n                    \n                    <p>Estas clases estar\u00edan dise\u00f1adas para ofrecer beneficios directos como:<\/p>\n                    \n\n                    \n                    <ul class=\"wp-block-list\">\n                      \n                      <li>Alivio de molestias menstruales (dismenorrea)<\/li>\n                      \n\n                      \n                      <li>Regulaci\u00f3n del ciclo hormonal<\/li>\n                      \n\n                      \n                      <li>Mejora de la conexi\u00f3n con la intuici\u00f3n y sabidur\u00eda corporal femenina<\/li>\n                      \n\n                      \n                      <li>Preparaci\u00f3n o recuperaci\u00f3n del parto<\/li>\n                      \n\n                      \n                      <li>Acompa\u00f1amiento en procesos de fertilidad o infertilidad<\/li>\n                      \n\n                      \n                      <li>Apoyo en la transici\u00f3n menop\u00e1usica<\/li>\n                      \n\n                      \n                      <li>Sanaci\u00f3n de traumas relacionados con la sexualidad o la feminidad<\/li>\n                      \n                    <\/ul>\n                    \n\n                    \n                    <h2 class=\"wp-block-heading\">M\u00e1s All\u00e1 de la Esterilla<\/h2>\n                    \n\n                    \n                    <p>Lo que verdaderamente distinguir\u00eda tu propuesta es que no se limitar\u00eda a la pr\u00e1ctica f\u00edsica, sino que podr\u00eda expandirse a:<\/p>\n                    \n\n                    \n                    <ul class=\"wp-block-list\">\n                      \n                      <li>Formaci\u00f3n de comunidad entre mujeres<\/li>\n                      \n\n                      \n                      <li>Recuperaci\u00f3n de rituales femeninos olvidados<\/li>\n                      \n\n                      \n                      <li>Educaci\u00f3n sobre el ciclo menstrual como una herramienta de autoconocimiento<\/li>\n                      \n\n                      \n                      <li>Integraci\u00f3n de la sabidur\u00eda c\u00edclica femenina en la vida cotidiana<\/li>\n                      \n                    <\/ul>\n                    \n\n                    \n                    <p>Este enfoque hol\u00edstico reflejar\u00eda perfectamente tu recorrido personal de integraci\u00f3n entre el arte, el yoga y el Ayurveda, ofreciendo un espacio verdaderamente transformador para las mujeres que buscan reconectar con su naturaleza\n                      c\u00edclica y su poder innato.<\/p>\n                    \n\n                    \n                    <p style=\"font-style:normal;font-weight:100\"><\/p>\n                    \n\n                    \n                    <p><\/p>\n                    \n                  <\/div>\n                <\/div>\n              <\/div>\n            <\/div>\n          <\/div>\n        <\/div>\n      <\/div>\n    <\/div>\n  <\/div>\n<\/div>","protected":false},"excerpt":{"rendered":"<p>Yoga para la Mujer: Un Enfoque Integral desde AyurSoulYoga Las clases de Yoga para la Mujer en AyurSoulYoga representar\u00edan un espacio sagrado dise\u00f1ado espec\u00edficamente para honrar, comprender y trabajar con las particularidades del cuerpo femenino a lo largo de sus diferentes ciclos y etapas vitales. Estas clases trascienden el concepto tradicional de yoga, incorporando elementos [&hellip;]<\/p>\n","protected":false},"author":1,"featured_media":61,"parent":0,"menu_order":0,"comment_status":"closed","ping_status":"closed","template":"page-templates\/full-width-page.php","meta":{"footnotes":""},"class_list":["post-11","page","type-page","status-publish","has-post-thumbnail","hentry"],"_links":{"self":[{"href":"https:\/\/ayursoulyoga.com\/index.php\/wp-json\/wp\/v2\/pages\/11","targetHints":{"allow":["GET"]}}],"collection":[{"href":"https:\/\/ayursoulyoga.com\/index.php\/wp-json\/wp\/v2\/pages"}],"about":[{"href":"https:\/\/ayursoulyoga.com\/index.php\/wp-json\/wp\/v2\/types\/page"}],"author":[{"embeddable":true,"href":"https:\/\/ayursoulyoga.com\/index.php\/wp-json\/wp\/v2\/users\/1"}],"replies":[{"embeddable":true,"href":"https:\/\/ayursoulyoga.com\/index.php\/wp-json\/wp\/v2\/comments?post=11"}],"version-history":[{"count":6,"href":"https:\/\/ayursoulyoga.com\/index.php\/wp-json\/wp\/v2\/pages\/11\/revisions"}],"predecessor-version":[{"id":327,"href":"https:\/\/ayursoulyoga.com\/index.php\/wp-json\/wp\/v2\/pages\/11\/revisions\/327"}],"wp:featuredmedia":[{"embeddable":true,"href":"https:\/\/ayursoulyoga.com\/index.php\/wp-json\/wp\/v2\/media\/61"}],"wp:attachment":[{"href":"https:\/\/ayursoulyoga.com\/index.php\/wp-json\/wp\/v2\/media?parent=11"}],"curies":[{"name":"wp","href":"https:\/\/api.w.org\/{rel}","templated":true}]}}